{"id":5488,"date":"2019-04-21T15:54:08","date_gmt":"2019-04-21T15:54:08","guid":{"rendered":"http:\/\/www.tercermilenium.com.ar\/sitio\/?page_id=5488"},"modified":"2026-02-27T21:20:27","modified_gmt":"2026-02-27T21:20:27","slug":"talleres-y-otros","status":"publish","type":"page","link":"https:\/\/www.tercermilenium.com.ar\/sitio\/talleres-y-otros\/","title":{"rendered":"Talleres y Otros"},"content":{"rendered":"<p>[vc_row full_width=\u00bbstretch_row\u00bb css=\u00bb.vc_custom_1561158970366{background-color: #fde8c9 !important;}\u00bb][vc_column][vc_row_inner][vc_column_inner]<div class=\"tlg-spacer \" data-height=\"108\" data-height-tablet=\"100\" data-height-mobile=\"100\" style=\"clear:both;display:block;height:108px;\"><\/div><div class=\"headings-title  wpb_animate_when_almost_visible wpb_bottom-to-top bottom-to-top\"><div class=\"mb16 mb16 mb-xs-40 text-center\"><h5 style=\"letter-spacing:3px!important;text-transform: uppercase!important;\" class=\"widgettitle mb10\"><b> Actividades y Talleres<\/b><\/h5><div style=\"color:#6c2b6c!important;padding-left:0px;padding-top:0px;text-transform: none!important;\" class=\"widgetsubtitle\">Nuestros residentes disfrutan diariamente en las flamantes y acogedoras salas y en nuestro nuevo gimnasio, de una agenda de actividades y experiencias dise\u00f1adas para sociabilizar, fomentar la recreaci\u00f3n y entrenar sus capacidades. Ma\u00f1ana y tarde, el tiempo se transforma en momentos de encuentro e inspiraci\u00f3n, guiados por un equipo de especialistas dedicados a maximizar el bienestar f\u00edsico, cognitivo y emocional de las personas, en un entorno de familiaridad, calidez y confort . Los talleres son...<\/div><\/div><\/div>[\/vc_column_inner][\/vc_row_inner][\/vc_column][\/vc_row][vc_row tlg_padding=\u00bbpt64 pb64&#8243; css=\u00bb.vc_custom_1561159479829{background-color: #fde8c9 !important;}\u00bb][vc_column width=\u00bb1\/2&#8243;]<div  class=\"boxed-intro-content heavy-shadow zoom-hover bg-white  \">\n\t\t\t\t\t\t\t<div class=\"intro-image border-radious-top overflow-hidden\"><img loading=\"lazy\" decoding=\"async\" width=\"1228\" height=\"819\" src=\"https:\/\/www.tercermilenium.com.ar\/sitio\/wp-content\/uploads\/2026\/02\/TALLER-KINESIOLOGIA-1.jpg\" class=\"background-image\" alt=\"\" srcset=\"https:\/\/www.tercermilenium.com.ar\/sitio\/wp-content\/uploads\/2026\/02\/TALLER-KINESIOLOGIA-1.jpg 1228w, https:\/\/www.tercermilenium.com.ar\/sitio\/wp-content\/uploads\/2026\/02\/TALLER-KINESIOLOGIA-1-300x200.jpg 300w, https:\/\/www.tercermilenium.com.ar\/sitio\/wp-content\/uploads\/2026\/02\/TALLER-KINESIOLOGIA-1-1024x683.jpg 1024w, https:\/\/www.tercermilenium.com.ar\/sitio\/wp-content\/uploads\/2026\/02\/TALLER-KINESIOLOGIA-1-768x512.jpg 768w, https:\/\/www.tercermilenium.com.ar\/sitio\/wp-content\/uploads\/2026\/02\/TALLER-KINESIOLOGIA-1-600x400.jpg 600w\" sizes=\"auto, (max-width: 1228px) 100vw, 1228px\" \/>\n\t\t\t\t\t\t\t<\/div>\n\t\t\t\t\t\t\t<div class=\"intro-content pt32 pb16 pl-32 pr-32\"><h5  class=\"widgettitle dark-color mb16\">KINESIOLOG\u00cdA:<\/h5><div  class=\"text-color mt24\">Nuestra propuesta de kinesiolog\u00eda redefine el concepto de bienestar f\u00edsico, respetando el ritmo y los tiempos de cada residente. En un entorno de confort y naturaleza, transformamos el entrenamiento del cuerpo en una experiencia de revitalizaci\u00f3n dise\u00f1ada para detener el envejecimiento acelerado, potenciar la autonom\u00eda de la persona, y compartir el movimiento con sus pares.<\/div><\/div>\n\t\t\t\t\t\t<\/div>[\/vc_column][vc_column width=\u00bb1\/2&#8243;]<div  class=\"boxed-intro-content heavy-shadow zoom-hover bg-white  \">\n\t\t\t\t\t\t\t<div class=\"intro-image border-radious-top overflow-hidden\"><img loading=\"lazy\" decoding=\"async\" width=\"506\" height=\"340\" src=\"https:\/\/www.tercermilenium.com.ar\/sitio\/wp-content\/uploads\/2019\/04\/staff_asistente.jpg\" class=\"background-image\" alt=\"\" srcset=\"https:\/\/www.tercermilenium.com.ar\/sitio\/wp-content\/uploads\/2019\/04\/staff_asistente.jpg 506w, https:\/\/www.tercermilenium.com.ar\/sitio\/wp-content\/uploads\/2019\/04\/staff_asistente-300x202.jpg 300w\" sizes=\"auto, (max-width: 506px) 100vw, 506px\" \/>\n\t\t\t\t\t\t\t<\/div>\n\t\t\t\t\t\t\t<div class=\"intro-content pt32 pb16 pl-32 pr-32\"><h5  class=\"widgettitle dark-color mb16\">CUERPO PROFESIONAL:<\/h5><div  class=\"text-color mt24\">Nos convertimos en compa\u00f1eros de vida, para asegurar que cada residente se sienta lo mejor posible en su nuevo hogar. Con un enfoque centrado en la persona, trabajamos para preservar y potenciar la serenidad emocional, brindando herramientas personalizadas para afrontar cada desaf\u00edo con resiliencia. Independientemente de las capacidades individuales, nuestro prop\u00f3sito es cultivar un estado de \u00e1nimo positivo y brindar la contenci\u00f3n necesaria para que tanto el residente como su familia transiten esta etapa con absoluta confianza, paz y serenidad.<\/div><\/div>\n\t\t\t\t\t\t<\/div>[\/vc_column][\/vc_row][vc_row tlg_padding=\u00bbpt64 pb64&#8243; el_id=\u00bbgaleria\u00bb css=\u00bb.vc_custom_1561159161937{background-color: #fde8c9 !important;}\u00bb][vc_column width=\u00bb1\/2&#8243;]<div  class=\"boxed-intro-content heavy-shadow zoom-hover bg-white  \">\n\t\t\t\t\t\t\t<div class=\"intro-image border-radious-top overflow-hidden\"><img loading=\"lazy\" decoding=\"async\" width=\"506\" height=\"340\" src=\"https:\/\/www.tercermilenium.com.ar\/sitio\/wp-content\/uploads\/2019\/09\/00_psico.jpg\" class=\"background-image\" alt=\"\" srcset=\"https:\/\/www.tercermilenium.com.ar\/sitio\/wp-content\/uploads\/2019\/09\/00_psico.jpg 506w, https:\/\/www.tercermilenium.com.ar\/sitio\/wp-content\/uploads\/2019\/09\/00_psico-300x202.jpg 300w\" sizes=\"auto, (max-width: 506px) 100vw, 506px\" \/>\n\t\t\t\t\t\t\t<\/div>\n\t\t\t\t\t\t\t<div class=\"intro-content pt32 pb16 pl-32 pr-32\"><h5  class=\"widgettitle dark-color mb16\">PSICOLOG\u00cdA:<\/h5><div  class=\"text-color mt24\">En nuestra residencia, el cuidado de las emociones es tan prioritario como el del cuerpo. Nuestro equipo de psicolog\u00eda brinda un soporte c\u00e1lido y constante que trasciende la etapa de bienvenida y adaptaci\u00f3n.<\/div><\/div>\n\t\t\t\t\t\t<\/div>[\/vc_column][vc_column width=\u00bb1\/2&#8243;]<div  class=\"boxed-intro-content heavy-shadow zoom-hover bg-white  \">\n\t\t\t\t\t\t\t<div class=\"intro-image border-radious-top overflow-hidden\"><img loading=\"lazy\" decoding=\"async\" width=\"506\" height=\"340\" src=\"https:\/\/www.tercermilenium.com.ar\/sitio\/wp-content\/uploads\/2019\/08\/peluqueria.jpg\" class=\"background-image\" alt=\"\" srcset=\"https:\/\/www.tercermilenium.com.ar\/sitio\/wp-content\/uploads\/2019\/08\/peluqueria.jpg 506w, https:\/\/www.tercermilenium.com.ar\/sitio\/wp-content\/uploads\/2019\/08\/peluqueria-300x202.jpg 300w\" sizes=\"auto, (max-width: 506px) 100vw, 506px\" \/>\n\t\t\t\t\t\t\t<\/div>\n\t\t\t\t\t\t\t<div class=\"intro-content pt32 pb16 pl-32 pr-32\"><h5  class=\"widgettitle dark-color mb16\">PELUQUER\u00cdA, BELLEZA Y CUIDADO PERSONAL<\/h5><div  class=\"text-color mt24\">Dise\u00f1amos un espacio de serenidad para que cada residente se sienta cuidado, mimado y atendido. Porque verse bien ayuda a sentirse bien.<\/div><\/div>\n\t\t\t\t\t\t<\/div>[\/vc_column][\/vc_row][vc_row tlg_padding=\u00bbpt64 pb64&#8243; css=\u00bb.vc_custom_1561159161937{background-color: #fde8c9 !important;}\u00bb][vc_column][vc_row_inner][vc_column_inner width=\u00bb1\/2&#8243;]<div  class=\"boxed-intro-content heavy-shadow zoom-hover bg-white  \">\n\t\t\t\t\t\t\t<div class=\"intro-image border-radious-top overflow-hidden\"><img loading=\"lazy\" decoding=\"async\" width=\"506\" height=\"340\" src=\"https:\/\/www.tercermilenium.com.ar\/sitio\/wp-content\/uploads\/2019\/09\/00_kinesio.jpg\" class=\"background-image\" alt=\"\" srcset=\"https:\/\/www.tercermilenium.com.ar\/sitio\/wp-content\/uploads\/2019\/09\/00_kinesio.jpg 506w, https:\/\/www.tercermilenium.com.ar\/sitio\/wp-content\/uploads\/2019\/09\/00_kinesio-300x202.jpg 300w\" sizes=\"auto, (max-width: 506px) 100vw, 506px\" \/>\n\t\t\t\t\t\t\t<\/div>\n\t\t\t\t\t\t\t<div class=\"intro-content pt32 pb16 pl-32 pr-32\"><h5  class=\"widgettitle dark-color mb16\">YOGA:<\/h5><div  class=\"text-color mt24\">Estudios cient\u00edficos han demostrado que la pr\u00e1ctica de yoga puede mejorar la movilidad, reducir dolores articulares, regular la presi\u00f3n arterial y potenciar el bienestar mental. Se transforma en una relajante experiencia, compartida junto a sus pares.<\/div><\/div>\n\t\t\t\t\t\t<\/div>[\/vc_column_inner][vc_column_inner width=\u00bb1\/2&#8243;]<div  class=\"boxed-intro-content heavy-shadow zoom-hover bg-white  \">\n\t\t\t\t\t\t\t<div class=\"intro-image border-radious-top overflow-hidden\"><img loading=\"lazy\" decoding=\"async\" width=\"1000\" height=\"398\" src=\"https:\/\/www.tercermilenium.com.ar\/sitio\/wp-content\/uploads\/2026\/02\/ARTETERAPIA-1.jpg\" class=\"background-image\" alt=\"\" srcset=\"https:\/\/www.tercermilenium.com.ar\/sitio\/wp-content\/uploads\/2026\/02\/ARTETERAPIA-1.jpg 1000w, https:\/\/www.tercermilenium.com.ar\/sitio\/wp-content\/uploads\/2026\/02\/ARTETERAPIA-1-300x119.jpg 300w, https:\/\/www.tercermilenium.com.ar\/sitio\/wp-content\/uploads\/2026\/02\/ARTETERAPIA-1-768x306.jpg 768w, https:\/\/www.tercermilenium.com.ar\/sitio\/wp-content\/uploads\/2026\/02\/ARTETERAPIA-1-600x239.jpg 600w\" sizes=\"auto, (max-width: 1000px) 100vw, 1000px\" \/>\n\t\t\t\t\t\t\t<\/div>\n\t\t\t\t\t\t\t<div class=\"intro-content pt32 pb16 pl-32 pr-32\"><h5  class=\"widgettitle dark-color mb16\">ARTETERAPIA:<\/h5><div  class=\"text-color mt24\">A trav\u00e9s de t\u00e9cnicas como la pintura, el modelado o la escritura, siempre en compa\u00f1\u00eda de otros, las personas exploran sus emociones y mejoran su calidad de vida, sin necesidad de recurrir al lenguaje verbal. En las personas mayores, esta pr\u00e1ctica favorece la conexi\u00f3n con recuerdos, la autoexpresi\u00f3n y mejora la gesti\u00f3n del estr\u00e9s.<\/div><\/div>\n\t\t\t\t\t\t<\/div>[\/vc_column_inner][\/vc_row_inner][\/vc_column][vc_column][vc_row_inner][vc_column_inner width=\u00bb1\/2&#8243;]<div  class=\"boxed-intro-content heavy-shadow zoom-hover bg-white  \">\n\t\t\t\t\t\t\t<div class=\"intro-image border-radious-top overflow-hidden\"><img loading=\"lazy\" decoding=\"async\" width=\"735\" height=\"350\" src=\"https:\/\/www.tercermilenium.com.ar\/sitio\/wp-content\/uploads\/2026\/02\/musicoterapia.jpg\" class=\"background-image\" alt=\"\" srcset=\"https:\/\/www.tercermilenium.com.ar\/sitio\/wp-content\/uploads\/2026\/02\/musicoterapia.jpg 735w, https:\/\/www.tercermilenium.com.ar\/sitio\/wp-content\/uploads\/2026\/02\/musicoterapia-300x143.jpg 300w, https:\/\/www.tercermilenium.com.ar\/sitio\/wp-content\/uploads\/2026\/02\/musicoterapia-600x286.jpg 600w\" sizes=\"auto, (max-width: 735px) 100vw, 735px\" \/>\n\t\t\t\t\t\t\t<\/div>\n\t\t\t\t\t\t\t<div class=\"intro-content pt32 pb16 pl-32 pr-32\"><h5  class=\"widgettitle dark-color mb16\">MUSICOTERAPIA:<\/h5><div  class=\"text-color mt24\">En ellos, la m\u00fasica se convierte en el puente perfecto hacia el bienestar y la memoria. Cada melod\u00eda es una invitaci\u00f3n a revivir momentos dorados y evocar esos tiempos hist\u00f3ricos que definen nuestra identidad, los iguala con sus pares creando un v\u00ednculo profundo y emocionante entre ellos.<\/div><\/div>\n\t\t\t\t\t\t<\/div>[\/vc_column_inner][vc_column_inner width=\u00bb1\/2&#8243;]<div  class=\"boxed-intro-content heavy-shadow zoom-hover bg-white  \">\n\t\t\t\t\t\t\t<div class=\"intro-image border-radious-top overflow-hidden\"><img loading=\"lazy\" decoding=\"async\" width=\"506\" height=\"340\" src=\"https:\/\/www.tercermilenium.com.ar\/sitio\/wp-content\/uploads\/2019\/04\/act_juegosdemesa.jpg\" class=\"background-image\" alt=\"\" srcset=\"https:\/\/www.tercermilenium.com.ar\/sitio\/wp-content\/uploads\/2019\/04\/act_juegosdemesa.jpg 506w, https:\/\/www.tercermilenium.com.ar\/sitio\/wp-content\/uploads\/2019\/04\/act_juegosdemesa-300x202.jpg 300w\" sizes=\"auto, (max-width: 506px) 100vw, 506px\" \/>\n\t\t\t\t\t\t\t<\/div>\n\t\t\t\t\t\t\t<div class=\"intro-content pt32 pb16 pl-32 pr-32\"><h5  class=\"widgettitle dark-color mb16\">LABORTERAPIA:<\/h5><div  class=\"text-color mt24\">Transformamos la laborterapia en una experiencia de creaci\u00f3n y bienestar. Un espacio dise\u00f1ado para entrenar la agilidad mental y la memoria a trav\u00e9s de proyectos que desaf\u00edan los sentidos, perfeccionan la coordinaci\u00f3n fina y fomentan encuentros sociales. As\u00ed, cada actividad ofrecida, es un paso hacia una vida activa y conectada.<\/div><\/div>\n\t\t\t\t\t\t<\/div>[\/vc_column_inner][\/vc_row_inner][\/vc_column][\/vc_row][vc_row tlg_background_style=\u00bbbg-dark\u00bb tlg_padding=\u00bbpt64 pb64&#8243; el_id=\u00bbreserve\u00bb css=\u00bb.vc_custom_1555806560252{background-image: url(https:\/\/www.tercermilenium.com.ar\/sitio\/wp-content\/uploads\/2019\/04\/fondo_contacto-1.jpg?id=5463) !important;}\u00bb][vc_column css=\u00bb.vc_custom_1475563303386{padding-right: 10% !important;}\u00bb]<div class=\"headings-title  wpb_animate_when_almost_visible wpb_bottom-to-top bottom-to-top\"><div class=\"mb40 mb16 mb-xs-40 text-center\"><h5 style=\"color:#cbd423!important;font-size:128px;line-height:138px;text-transform: none!important;\" class=\"widgettitle mb10\">Desde 1989<\/h5><div style=\"color:#cbd423!important;font-size:56px;line-height:61px;text-transform: none!important;\" class=\"widgetsubtitle\">Sabemos cuidar\u2026<\/div><\/div><\/div>[\/vc_column][\/vc_row][vc_row tlg_background_style=\u00bbbg-secondary\u00bb tlg_text_align=\u00bbtext-center\u00bb el_id=\u00bbcontacto\u00bb css=\u00bb.vc_custom_1561159732215{background-color: #fde8c9 !important;}\u00bb][vc_column width=\u00bb1\/4&#8243;][\/vc_column][vc_column width=\u00bb1\/4&#8243;]<div class=\"text-center\"><i id=\"icon-69e4c38f2632a\" style=\"font-size:64px;margin:0 10px;\" class=\"ti-mobile circle-icon circle-icon-bg  wpb_animate_when_almost_visible wpb_appear appear inline-block custom-icon\"><\/i><\/div><div class=\"tlg-spacer \" data-height=\"40\" data-height-tablet=\"40\" data-height-mobile=\"40\" style=\"clear:both;display:block;height:40px;\"><\/div>[vc_column_text css_animation=\u00bbappear\u00bb]<\/p>\n<h3>Mensaje Whatsapp<br \/>\n3413-580-698<b><br \/>\n<\/b><\/h3>\n<p>[\/vc_column_text][\/vc_column][vc_column width=\u00bb1\/4&#8243;]<div class=\"text-center\"><i id=\"icon-69e4c38f263a8\" style=\"font-size:64px;margin:0 10px;\" class=\"ti-location-pin circle-icon circle-icon-bg  wpb_animate_when_almost_visible wpb_appear appear inline-block custom-icon\"><\/i><\/div><div class=\"tlg-spacer \" data-height=\"30\" data-height-tablet=\"30\" data-height-mobile=\"30\" style=\"clear:both;display:block;height:30px;\"><\/div>[vc_column_text css_animation=\u00bbappear\u00bb]<\/p>\n<h3>Colombres Bis 660, Fisherton, Rosario<br \/>\n(Colombres esquina French)<\/h3>\n<p>[\/vc_column_text][\/vc_column][vc_column width=\u00bb1\/4&#8243;][\/vc_column][\/vc_row]<\/p>\n","protected":false},"excerpt":{"rendered":"<p>[vc_row full_width=\u00bbstretch_row\u00bb css=\u00bb.vc_custom_1561158970366{background-color: #fde8c9 !important;}\u00bb][vc_column][vc_row_inner][vc_column_inner][\/vc_column_inner][\/vc_row_inner][\/vc_column][\/vc_row][vc_row tlg_padding=\u00bbpt64 pb64&#8243; css=\u00bb.vc_custom_1561159479829{background-color: #fde8c9 !important;}\u00bb][vc_column width=\u00bb1\/2&#8243;][\/vc_column][vc_column width=\u00bb1\/2&#8243;][\/vc_column][\/vc_row][vc_row tlg_padding=\u00bbpt64 pb64&#8243; el_id=\u00bbgaleria\u00bb css=\u00bb.vc_custom_1561159161937{background-color:&#8230;<\/p>\n","protected":false},"author":1,"featured_media":0,"parent":0,"menu_order":0,"comment_status":"closed","ping_status":"closed","template":"","meta":{"footnotes":""},"class_list":["post-5488","page","type-page","status-publish","hentry"],"_links":{"self":[{"href":"https:\/\/www.tercermilenium.com.ar\/sitio\/wp-json\/wp\/v2\/pages\/5488","targetHints":{"allow":["GET"]}}],"collection":[{"href":"https:\/\/www.tercermilenium.com.ar\/sitio\/wp-json\/wp\/v2\/pages"}],"about":[{"href":"https:\/\/www.tercermilenium.com.ar\/sitio\/wp-json\/wp\/v2\/types\/page"}],"author":[{"embeddable":true,"href":"https:\/\/www.tercermilenium.com.ar\/sitio\/wp-json\/wp\/v2\/users\/1"}],"replies":[{"embeddable":true,"href":"https:\/\/www.tercermilenium.com.ar\/sitio\/wp-json\/wp\/v2\/comments?post=5488"}],"version-history":[{"count":55,"href":"https:\/\/www.tercermilenium.com.ar\/sitio\/wp-json\/wp\/v2\/pages\/5488\/revisions"}],"predecessor-version":[{"id":6441,"href":"https:\/\/www.tercermilenium.com.ar\/sitio\/wp-json\/wp\/v2\/pages\/5488\/revisions\/6441"}],"wp:attachment":[{"href":"https:\/\/www.tercermilenium.com.ar\/sitio\/wp-json\/wp\/v2\/media?parent=5488"}],"curies":[{"name":"wp","href":"https:\/\/api.w.org\/{rel}","templated":true}]}}