{"id":5489,"date":"2019-04-21T15:54:31","date_gmt":"2019-04-21T15:54:31","guid":{"rendered":"http:\/\/www.tercermilenium.com.ar\/sitio\/?page_id=5489"},"modified":"2026-02-27T19:46:28","modified_gmt":"2026-02-27T19:46:28","slug":"staff","status":"publish","type":"page","link":"https:\/\/www.tercermilenium.com.ar\/sitio\/staff\/","title":{"rendered":"Staff"},"content":{"rendered":"<p>[vc_row full_width=\u00bbstretch_row\u00bb css=\u00bb.vc_custom_1561572754955{background-color: #fde8c9 !important;}\u00bb][vc_column][vc_row_inner css=\u00bb.vc_custom_1561572667424{background-color: #fde8c9 !important;}\u00bb][vc_column_inner]<div class=\"tlg-spacer \" data-height=\"40\" data-height-tablet=\"30\" data-height-mobile=\"20\" style=\"clear:both;display:block;height:40px;\"><\/div><div class=\"tlg-spacer \" data-height=\"70\" data-height-tablet=\"70\" data-height-mobile=\"70\" style=\"clear:both;display:block;height:70px;\"><\/div><div class=\"headings-title  wpb_animate_when_almost_visible wpb_bottom-to-top bottom-to-top\"><div class=\"mb16 mb16 mb-xs-40 text-center\"><h5 style=\"color:#6c2b6c!important;\" class=\"widgettitle mb10\"><b>Grupo de Trabajo<\/b><\/h5><div style=\"color:#6c2b6c!important;\" class=\"widgetsubtitle\">Equipo interdisciplinario con atenci\u00f3n de excelencia basada en la calidez y el respeto, respaldada por la presencia diaria de nuestro Director M\u00e9dico, quien supervisa personalmente cada proceso, ofreciendo adem\u00e1s un espacio de encuentro con las familias, para brindar tranquilidad y acompa\u00f1amiento.<\/div><\/div><\/div>[\/vc_column_inner][\/vc_row_inner][\/vc_column][\/vc_row][vc_row tlg_padding=\u00bbpt64 pb64&#8243; el_id=\u00bbgaleria\u00bb css=\u00bb.vc_custom_1561572693763{background-color: #fde8c9 !important;}\u00bb][vc_column]<div class=\" row\"><div class=\"col-md-4 col-sm-6 text-center mb24\">\n    <div class=\"image-box image-round outer-title hover-icons\">\n        <img loading=\"lazy\" decoding=\"async\" width=\"507\" height=\"340\" src=\"https:\/\/www.tercermilenium.com.ar\/sitio\/wp-content\/uploads\/2019\/04\/staff_medico.jpg\" class=\"attachment-full size-full wp-post-image\" alt=\"\" srcset=\"https:\/\/www.tercermilenium.com.ar\/sitio\/wp-content\/uploads\/2019\/04\/staff_medico.jpg 507w, https:\/\/www.tercermilenium.com.ar\/sitio\/wp-content\/uploads\/2019\/04\/staff_medico-300x201.jpg 300w\" sizes=\"auto, (max-width: 507px) 100vw, 507px\" \/>        <div class=\"title-icons\">\n                    <\/div>\n    <\/div>\n    <div class=\"outer-title\">\n        <div class=\"title mb16 mt30\">\n            <h4 class=\"mb0\">\n            Direcci\u00f3n y Cuerpo M\u00e9dico            <\/h4>\n                    <\/div>\n            <\/div>\n<\/div><div class=\"col-md-4 col-sm-6 text-center mb24\">\n    <div class=\"image-box image-round outer-title hover-icons\">\n        <img loading=\"lazy\" decoding=\"async\" width=\"506\" height=\"340\" src=\"https:\/\/www.tercermilenium.com.ar\/sitio\/wp-content\/uploads\/2019\/04\/staff_kinesio.jpg\" class=\"attachment-full size-full wp-post-image\" alt=\"\" srcset=\"https:\/\/www.tercermilenium.com.ar\/sitio\/wp-content\/uploads\/2019\/04\/staff_kinesio.jpg 506w, https:\/\/www.tercermilenium.com.ar\/sitio\/wp-content\/uploads\/2019\/04\/staff_kinesio-300x202.jpg 300w\" sizes=\"auto, (max-width: 506px) 100vw, 506px\" \/>        <div class=\"title-icons\">\n                    <\/div>\n    <\/div>\n    <div class=\"outer-title\">\n        <div class=\"title mb16 mt30\">\n            <h4 class=\"mb0\">\n            Equipo de Kinesiolog\u00eda            <\/h4>\n                    <\/div>\n            <\/div>\n<\/div><div class=\"col-md-4 col-sm-6 text-center mb24\">\n    <div class=\"image-box image-round outer-title hover-icons\">\n        <img loading=\"lazy\" decoding=\"async\" width=\"506\" height=\"340\" src=\"https:\/\/www.tercermilenium.com.ar\/sitio\/wp-content\/uploads\/2019\/04\/staff_psicologo.jpg\" class=\"attachment-full size-full wp-post-image\" alt=\"\" srcset=\"https:\/\/www.tercermilenium.com.ar\/sitio\/wp-content\/uploads\/2019\/04\/staff_psicologo.jpg 506w, https:\/\/www.tercermilenium.com.ar\/sitio\/wp-content\/uploads\/2019\/04\/staff_psicologo-300x202.jpg 300w\" sizes=\"auto, (max-width: 506px) 100vw, 506px\" \/>        <div class=\"title-icons\">\n                    <\/div>\n    <\/div>\n    <div class=\"outer-title\">\n        <div class=\"title mb16 mt30\">\n            <h4 class=\"mb0\">\n            Psicolog\u00eda            <\/h4>\n                    <\/div>\n            <\/div>\n<\/div><\/div><div class=\"row mt24\"><div class=\"col-md-4 col-sm-6 text-center mb24\">\n    <div class=\"image-box image-round outer-title hover-icons\">\n        <img loading=\"lazy\" decoding=\"async\" width=\"507\" height=\"340\" src=\"https:\/\/www.tercermilenium.com.ar\/sitio\/wp-content\/uploads\/2019\/04\/staff_nutri.jpg\" class=\"attachment-full size-full wp-post-image\" alt=\"\" srcset=\"https:\/\/www.tercermilenium.com.ar\/sitio\/wp-content\/uploads\/2019\/04\/staff_nutri.jpg 507w, https:\/\/www.tercermilenium.com.ar\/sitio\/wp-content\/uploads\/2019\/04\/staff_nutri-300x201.jpg 300w\" sizes=\"auto, (max-width: 507px) 100vw, 507px\" \/>        <div class=\"title-icons\">\n                    <\/div>\n    <\/div>\n    <div class=\"outer-title\">\n        <div class=\"title mb16 mt30\">\n            <h4 class=\"mb0\">\n            Nutrici\u00f3n            <\/h4>\n                    <\/div>\n            <\/div>\n<\/div><div class=\"col-md-4 col-sm-6 text-center mb24\">\n    <div class=\"image-box image-round outer-title hover-icons\">\n        <img loading=\"lazy\" decoding=\"async\" width=\"506\" height=\"340\" src=\"https:\/\/www.tercermilenium.com.ar\/sitio\/wp-content\/uploads\/2019\/04\/staff_musico.jpg\" class=\"attachment-full size-full wp-post-image\" alt=\"\" srcset=\"https:\/\/www.tercermilenium.com.ar\/sitio\/wp-content\/uploads\/2019\/04\/staff_musico.jpg 506w, https:\/\/www.tercermilenium.com.ar\/sitio\/wp-content\/uploads\/2019\/04\/staff_musico-300x202.jpg 300w\" sizes=\"auto, (max-width: 506px) 100vw, 506px\" \/>        <div class=\"title-icons\">\n                    <\/div>\n    <\/div>\n    <div class=\"outer-title\">\n        <div class=\"title mb16 mt30\">\n            <h4 class=\"mb0\">\n            Musicoterapia            <\/h4>\n                    <\/div>\n            <\/div>\n<\/div><div class=\"col-md-4 col-sm-6 text-center mb24\">\n    <div class=\"image-box image-round outer-title hover-icons\">\n        <img loading=\"lazy\" decoding=\"async\" width=\"506\" height=\"340\" src=\"https:\/\/www.tercermilenium.com.ar\/sitio\/wp-content\/uploads\/2019\/04\/staff_terapista.jpg\" class=\"attachment-full size-full wp-post-image\" alt=\"\" srcset=\"https:\/\/www.tercermilenium.com.ar\/sitio\/wp-content\/uploads\/2019\/04\/staff_terapista.jpg 506w, https:\/\/www.tercermilenium.com.ar\/sitio\/wp-content\/uploads\/2019\/04\/staff_terapista-300x202.jpg 300w\" sizes=\"auto, (max-width: 506px) 100vw, 506px\" \/>        <div class=\"title-icons\">\n                    <\/div>\n    <\/div>\n    <div class=\"outer-title\">\n        <div class=\"title mb16 mt30\">\n            <h4 class=\"mb0\">\n            Terapia Ocupacional            <\/h4>\n                    <\/div>\n            <\/div>\n<\/div><\/div><div class=\"row mt24\"><div class=\"col-md-4 col-sm-6 text-center mb24\">\n    <div class=\"image-box image-round outer-title hover-icons\">\n        <img loading=\"lazy\" decoding=\"async\" width=\"506\" height=\"340\" src=\"https:\/\/www.tercermilenium.com.ar\/sitio\/wp-content\/uploads\/2019\/04\/staff_edfisica.jpg\" class=\"attachment-full size-full wp-post-image\" alt=\"\" srcset=\"https:\/\/www.tercermilenium.com.ar\/sitio\/wp-content\/uploads\/2019\/04\/staff_edfisica.jpg 506w, https:\/\/www.tercermilenium.com.ar\/sitio\/wp-content\/uploads\/2019\/04\/staff_edfisica-300x202.jpg 300w\" sizes=\"auto, (max-width: 506px) 100vw, 506px\" \/>        <div class=\"title-icons\">\n                    <\/div>\n    <\/div>\n    <div class=\"outer-title\">\n        <div class=\"title mb16 mt30\">\n            <h4 class=\"mb0\">\n            Yoga para personas mayores            <\/h4>\n                    <\/div>\n            <\/div>\n<\/div><div class=\"col-md-4 col-sm-6 text-center mb24\">\n    <div class=\"image-box image-round outer-title hover-icons\">\n        <img loading=\"lazy\" decoding=\"async\" width=\"507\" height=\"340\" src=\"https:\/\/www.tercermilenium.com.ar\/sitio\/wp-content\/uploads\/2026\/01\/arteterapia2.jpg\" class=\"attachment-full size-full wp-post-image\" alt=\"\" srcset=\"https:\/\/www.tercermilenium.com.ar\/sitio\/wp-content\/uploads\/2026\/01\/arteterapia2.jpg 507w, https:\/\/www.tercermilenium.com.ar\/sitio\/wp-content\/uploads\/2026\/01\/arteterapia2-300x201.jpg 300w\" sizes=\"auto, (max-width: 507px) 100vw, 507px\" \/>        <div class=\"title-icons\">\n                    <\/div>\n    <\/div>\n    <div class=\"outer-title\">\n        <div class=\"title mb16 mt30\">\n            <h4 class=\"mb0\">\n            Arteterapia            <\/h4>\n                    <\/div>\n            <\/div>\n<\/div><div class=\"col-md-4 col-sm-6 text-center mb24\">\n    <div class=\"image-box image-round outer-title hover-icons\">\n        <img loading=\"lazy\" decoding=\"async\" width=\"506\" height=\"340\" src=\"https:\/\/www.tercermilenium.com.ar\/sitio\/wp-content\/uploads\/2019\/04\/staff_asistente.jpg\" class=\"attachment-full size-full wp-post-image\" alt=\"\" srcset=\"https:\/\/www.tercermilenium.com.ar\/sitio\/wp-content\/uploads\/2019\/04\/staff_asistente.jpg 506w, https:\/\/www.tercermilenium.com.ar\/sitio\/wp-content\/uploads\/2019\/04\/staff_asistente-300x202.jpg 300w\" sizes=\"auto, (max-width: 506px) 100vw, 506px\" \/>        <div class=\"title-icons\">\n                    <\/div>\n    <\/div>\n    <div class=\"outer-title\">\n        <div class=\"title mb16 mt30\">\n            <h4 class=\"mb0\">\n            Asistencia Social            <\/h4>\n                    <\/div>\n            <\/div>\n<\/div><\/div><div class=\"row mt24\"><\/div>[\/vc_column][\/vc_row][vc_row tlg_background_style=\u00bbbg-dark\u00bb tlg_padding=\u00bbpt64 pb64&#8243; el_id=\u00bbreserve\u00bb css=\u00bb.vc_custom_1555806560252{background-image: url(https:\/\/www.tercermilenium.com.ar\/sitio\/wp-content\/uploads\/2019\/04\/fondo_contacto-1.jpg?id=5463) !important;}\u00bb][vc_column css=\u00bb.vc_custom_1475563303386{padding-right: 10% !important;}\u00bb]<div class=\"headings-title  wpb_animate_when_almost_visible wpb_bottom-to-top bottom-to-top\"><div class=\"mb40 mb16 mb-xs-40 text-center\"><h5 style=\"color:#cbd423!important;font-size:128px;line-height:138px;text-transform: none!important;\" class=\"widgettitle mb10\">Desde 1989<\/h5><div style=\"color:#cbd423!important;font-size:56px;line-height:61px;text-transform: none!important;\" class=\"widgetsubtitle\">Sabemos cuidar\u2026<\/div><\/div><\/div>[\/vc_column][\/vc_row][vc_row tlg_background_style=\u00bbbg-secondary\u00bb tlg_text_align=\u00bbtext-center\u00bb el_id=\u00bbcontacto\u00bb][vc_column width=\u00bb1\/4&#8243;][\/vc_column][vc_column width=\u00bb1\/4&#8243;]<div class=\"text-center\"><i id=\"icon-69e4c449673c5\" style=\"font-size:32px;color:#6c2b6c;margin:0 10px;\" class=\"ti-mobile circle-icon circle-icon-bg  wpb_animate_when_almost_visible wpb_appear appear inline-block custom-icon\"><\/i><\/div><div class=\"tlg-spacer \" data-height=\"30\" data-height-tablet=\"30\" data-height-mobile=\"30\" style=\"clear:both;display:block;height:30px;\"><\/div>[vc_column_text css_animation=\u00bbappear\u00bb]<\/p>\n<h3><strong>Mensaje WHATSAPP<\/strong><br \/>\n<strong>3413-580-698<\/strong><\/h3>\n<p>[\/vc_column_text][\/vc_column][vc_column width=\u00bb1\/4&#8243;]<div class=\"text-center\"><i id=\"icon-69e4c44967427\" style=\"font-size:32px;margin:0 10px;\" class=\"ti-location-pin circle-icon circle-icon-bg  wpb_animate_when_almost_visible wpb_appear appear inline-block custom-icon\"><\/i><\/div><div class=\"tlg-spacer \" data-height=\"30\" data-height-tablet=\"30\" data-height-mobile=\"30\" style=\"clear:both;display:block;height:30px;\"><\/div>[vc_column_text css_animation=\u00bbappear\u00bb]<\/p>\n<h3><strong>Colombres Bis 660,\u00a0<\/strong><br \/>\n(Colombres Esquina French) Fisherton, Rosario<\/h3>\n<p>[\/vc_column_text][\/vc_column][vc_column width=\u00bb1\/4&#8243;][\/vc_column][\/vc_row]<\/p>\n","protected":false},"excerpt":{"rendered":"<p>[vc_row full_width=\u00bbstretch_row\u00bb css=\u00bb.vc_custom_1561572754955{background-color: #fde8c9 !important;}\u00bb][vc_column][vc_row_inner css=\u00bb.vc_custom_1561572667424{background-color: #fde8c9 !important;}\u00bb][vc_column_inner][\/vc_column_inner][\/vc_row_inner][\/vc_column][\/vc_row][vc_row tlg_padding=\u00bbpt64 pb64&#8243; el_id=\u00bbgaleria\u00bb css=\u00bb.vc_custom_1561572693763{background-color: #fde8c9 !important;}\u00bb][vc_column][\/vc_column][\/vc_row][vc_row tlg_background_style=\u00bbbg-dark\u00bb tlg_padding=\u00bbpt64&#8230;<\/p>\n","protected":false},"author":1,"featured_media":0,"parent":0,"menu_order":0,"comment_status":"closed","ping_status":"closed","template":"","meta":{"footnotes":""},"class_list":["post-5489","page","type-page","status-publish","hentry"],"_links":{"self":[{"href":"https:\/\/www.tercermilenium.com.ar\/sitio\/wp-json\/wp\/v2\/pages\/5489","targetHints":{"allow":["GET"]}}],"collection":[{"href":"https:\/\/www.tercermilenium.com.ar\/sitio\/wp-json\/wp\/v2\/pages"}],"about":[{"href":"https:\/\/www.tercermilenium.com.ar\/sitio\/wp-json\/wp\/v2\/types\/page"}],"author":[{"embeddable":true,"href":"https:\/\/www.tercermilenium.com.ar\/sitio\/wp-json\/wp\/v2\/users\/1"}],"replies":[{"embeddable":true,"href":"https:\/\/www.tercermilenium.com.ar\/sitio\/wp-json\/wp\/v2\/comments?post=5489"}],"version-history":[{"count":27,"href":"https:\/\/www.tercermilenium.com.ar\/sitio\/wp-json\/wp\/v2\/pages\/5489\/revisions"}],"predecessor-version":[{"id":6412,"href":"https:\/\/www.tercermilenium.com.ar\/sitio\/wp-json\/wp\/v2\/pages\/5489\/revisions\/6412"}],"wp:attachment":[{"href":"https:\/\/www.tercermilenium.com.ar\/sitio\/wp-json\/wp\/v2\/media?parent=5489"}],"curies":[{"name":"wp","href":"https:\/\/api.w.org\/{rel}","templated":true}]}}