{"id":5982,"date":"2019-08-04T01:25:13","date_gmt":"2019-08-04T01:25:13","guid":{"rendered":"http:\/\/www.tercermilenium.com.ar\/sitio\/?page_id=5982"},"modified":"2026-02-27T20:20:33","modified_gmt":"2026-02-27T20:20:33","slug":"contacto","status":"publish","type":"page","link":"https:\/\/www.tercermilenium.com.ar\/sitio\/contacto\/","title":{"rendered":"Contacto"},"content":{"rendered":"<p>[vc_row full_width=\u00bbstretch_row\u00bb css=\u00bb.vc_custom_1561158970366{background-color: #fde8c9 !important;}\u00bb][vc_column][vc_row_inner][vc_column_inner]<div class=\"tlg-spacer \" data-height=\"100\" data-height-tablet=\"100\" data-height-mobile=\"100\" style=\"clear:both;display:block;height:100px;\"><\/div><div class=\"headings-title  wpb_animate_when_almost_visible wpb_bottom-to-top bottom-to-top\"><div class=\"mb16 mb16 mb-xs-40 text-center\"><h5 style=\"text-transform: uppercase!important;\" class=\"widgettitle mb10\"><b>Estamos a un mensaje de distancia<\/b><\/h5><div style=\"color:#6c2b6c!important;text-transform: none!important;\" class=\"widgetsubtitle\">Conversemos sobre el futuro y el bienestar de tu ser querido. Escr\u00edbanos por WhatsApp al 3413-580 698 para acompa\u00f1arte en tu decisi\u00f3n y coordinar un encuentro<\/div><\/div><\/div>[\/vc_column_inner][\/vc_row_inner][\/vc_column][\/vc_row][vc_row tlg_background_style=\u00bbbg-secondary\u00bb tlg_text_align=\u00bbtext-center\u00bb css=\u00bb.vc_custom_1561159732215{background-color: #fde8c9 !important;}\u00bb][vc_column width=\u00bb1\/4&#8243;][\/vc_column][vc_column width=\u00bb1\/4&#8243;]<div class=\"text-center\"><i id=\"icon-69e4c0e3a8cc0\" style=\"font-size:32px;background-color:#6d2b6c;border-color:#6d2b6c;border-color:#ffffff;margin:0 10px;\" class=\"ti-mobile circle-icon circle-icon-bg  wpb_animate_when_almost_visible wpb_appear appear inline-block custom-icon\"><\/i><\/div><div class=\"tlg-spacer \" data-height=\"30\" data-height-tablet=\"30\" data-height-mobile=\"30\" style=\"clear:both;display:block;height:30px;\"><\/div>[vc_column_text css_animation=\u00bbappear\u00bb]<\/p>\n<h3><strong>Mensaje WHATSAPP<br \/>\n<\/strong>341-358-0698<\/h3>\n<p>[\/vc_column_text][\/vc_column][vc_column width=\u00bb1\/4&#8243;]<div class=\"text-center\"><i id=\"icon-69e4c0e3a8d43\" style=\"font-size:32px;background-color:#6d2b6c;border-color:#6d2b6c;margin:0 10px;\" class=\"ti-location-pin circle-icon circle-icon-bg  wpb_animate_when_almost_visible wpb_appear appear inline-block custom-icon\"><\/i><\/div><div class=\"tlg-spacer \" data-height=\"30\" data-height-tablet=\"30\" data-height-mobile=\"30\" style=\"clear:both;display:block;height:30px;\"><\/div>[vc_column_text css_animation=\u00bbappear\u00bb]<\/p>\n<h3><strong>Colombres Bis 660,\u00a0<\/strong><br \/>\n(Colombres Esquina French) Fisherton, Rosario<\/h3>\n<p>[\/vc_column_text][\/vc_column][vc_column width=\u00bb1\/4&#8243;][\/vc_column][\/vc_row]<\/p>\n","protected":false},"excerpt":{"rendered":"<p>[vc_row full_width=\u00bbstretch_row\u00bb css=\u00bb.vc_custom_1561158970366{background-color: #fde8c9 !important;}\u00bb][vc_column][vc_row_inner][vc_column_inner][\/vc_column_inner][\/vc_row_inner][\/vc_column][\/vc_row][vc_row tlg_background_style=\u00bbbg-secondary\u00bb tlg_text_align=\u00bbtext-center\u00bb css=\u00bb.vc_custom_1561159732215{background-color: #fde8c9 !important;}\u00bb][vc_column width=\u00bb1\/4&#8243;][\/vc_column][vc_column width=\u00bb1\/4&#8243;][vc_column_text css_animation=\u00bbappear\u00bb] Mensaje WHATSAPP 341-358-0698&#8230;<\/p>\n","protected":false},"author":1,"featured_media":0,"parent":0,"menu_order":0,"comment_status":"closed","ping_status":"closed","template":"","meta":{"footnotes":""},"class_list":["post-5982","page","type-page","status-publish","hentry"],"_links":{"self":[{"href":"https:\/\/www.tercermilenium.com.ar\/sitio\/wp-json\/wp\/v2\/pages\/5982","targetHints":{"allow":["GET"]}}],"collection":[{"href":"https:\/\/www.tercermilenium.com.ar\/sitio\/wp-json\/wp\/v2\/pages"}],"about":[{"href":"https:\/\/www.tercermilenium.com.ar\/sitio\/wp-json\/wp\/v2\/types\/page"}],"author":[{"embeddable":true,"href":"https:\/\/www.tercermilenium.com.ar\/sitio\/wp-json\/wp\/v2\/users\/1"}],"replies":[{"embeddable":true,"href":"https:\/\/www.tercermilenium.com.ar\/sitio\/wp-json\/wp\/v2\/comments?post=5982"}],"version-history":[{"count":10,"href":"https:\/\/www.tercermilenium.com.ar\/sitio\/wp-json\/wp\/v2\/pages\/5982\/revisions"}],"predecessor-version":[{"id":6419,"href":"https:\/\/www.tercermilenium.com.ar\/sitio\/wp-json\/wp\/v2\/pages\/5982\/revisions\/6419"}],"wp:attachment":[{"href":"https:\/\/www.tercermilenium.com.ar\/sitio\/wp-json\/wp\/v2\/media?parent=5982"}],"curies":[{"name":"wp","href":"https:\/\/api.w.org\/{rel}","templated":true}]}}